{"id":489,"date":"2019-02-18T13:21:23","date_gmt":"2019-02-18T12:21:23","guid":{"rendered":"http:\/\/bamboo-berlin.de\/?page_id=489"},"modified":"2019-02-18T13:21:23","modified_gmt":"2019-02-18T12:21:23","slug":"datenschutz","status":"publish","type":"page","link":"http:\/\/bamboo-berlin.de\/?page_id=489","title":{"rendered":"Datenschutz"},"content":{"rendered":"\n<p>Datenschutz<\/p>\n\n\n\n<p style=\"text-align:left\"><br>Wir nutzen Quandoo, um unsere Online- und Offline-Reservierungen f\u00fcr uns abzuwickeln.<br> Quandoo ist eine Technologieplattform f\u00fcr Restaurants, die es uns erm\u00f6glicht,<br> Reservierungen zusammen mit den zugeh\u00f6rigen pers\u00f6nlichen Kundendaten zu akzeptieren,<br> zu erstellen und zu verwalten, damit wir uns besser auf Ihre kulinarischen Erlebnisse<br> konzentrieren k\u00f6nnen. Quandoo verwendet Cookies und andere Technologien, um die<br> Daten in Bezug auf Reservierungen und Besucherverhalten zu sammeln und zu verarbeiten,<br> wenn die Buchungsfunktionalit\u00e4t auf dieser Website genutzt wird. In unserem Auftrag<br> werden diese Informationen von Quandoo sicher gespeichert.<br> Die Nutzung unserer Webseite ist in der Regel ohne Angabe personenbezogener Daten<br> m\u00f6glich. Soweit auf unseren Seiten personenbezogene Daten (beispielsweise Name,<br> Anschrift oder eMail-Adressen) erhoben werden, erfolgt dies, soweit m\u00f6glich, stets auf<br> freiwilliger Basis. Diese Daten werden ohne Ihre ausdr\u00fcckliche Zustimmung nicht an Dritte<br> weitergegeben.<br> Wir weisen darauf hin, dass die Daten\u00fcbertragung im Internet (z.B. bei der Kommunikation<br> per E-Mail) Sicherheitsl\u00fccken aufweisen kann. Ein l\u00fcckenloser Schutz der Daten vor dem<br> Zugriff durch Dritte ist nicht m\u00f6glich.<br> Der Nutzung von im Rahmen der Impressumspflicht ver\u00f6ffentlichten Kontaktdaten durch<br> Dritte zur \u00dcbersendung von nicht ausdr\u00fccklich angeforderter Werbung und<br> Informationsmaterialien wird hiermit ausdr\u00fccklich widersprochen. Die Betreiber der Seiten<br> behalten sich ausdr\u00fccklich rechtliche Schritte im Falle der unverlangten Zusendung von<br> Werbeinformationen, etwa durch Spam-Mails, vor.<br> Google Analytics<br> Diese Website benutzt Google Analytics, einen Webanalysedienst der Google Inc.<br> (&#8220;Google&#8220;). Google Analytics verwendet sog. &#8220;Cookies&#8220;, Textdateien, die auf Ihrem<br> Computer gespeichert werden und die eine Analyse der Benutzung der Website durch Sie<br> erm\u00f6glicht. Die durch den Cookie erzeugten Informationen \u00fcber Ihre Benutzung dieser<br> Website (einschlie\u00dflich Ihrer IP-Adresse) wird an einen Server von Google in den USA<br> \u00fcbertragen und dort gespeichert. Google wird diese Informationen benutzen, um Ihre<br> Nutzung der Website auszuwerten, um Reports \u00fcber die Websiteaktivit\u00e4ten f\u00fcr die<br> Websitebetreiber zusammenzustellen und um weitere mit der Websitenutzung und der<br> Internetnutzung verbundene Dienstleistungen zu erbringen. Auch wird Google diese<br> Informationen gegebenenfalls an Dritte \u00fcbertragen, sofern dies gesetzlich vorgeschrieben<br> 1<br> oder soweit Dritte diese Daten im Auftrag von Google verarbeiten. Google wird in keinem<br> Fall Ihre IP-Adresse mit anderen Daten der Google in Verbindung bringen. Sie k\u00f6nnen die<br> Installation der Cookies durch eine entsprechende Einstellung Ihrer Browser Software<br> verhindern; wir weisen Sie jedoch darauf hin, dass Sie in diesem Fall gegebenenfalls nicht<br> s\u00e4mtliche Funktionen dieser Website voll umf\u00e4nglich nutzen k\u00f6nnen. Durch die Nutzung<br> dieser Website erkl\u00e4ren Sie sich mit der Bearbeitung der \u00fcber Sie erhobenen Daten durch<br> Google in der zuvor beschriebenen Art und Weise und zu dem zuvor benannten Zweck<br> einverstanden.<br> Google AdSense<br> Diese Website benutzt Google Adsense, einen Webanzeigendienst der Google Inc., USA<br> (&#8220;Google&#8220;). Google Adsense verwendet sog. &#8220;Cookies&#8220; (Textdateien), die auf Ihrem<br> Computer gespeichert werden und die eine Analyse der Benutzung der Website durch Sie<br> erm\u00f6glicht. Google Adsense verwendet auch sog. &#8220;Web Beacons&#8220; (kleine unsichtbare<br> Grafiken) zur Sammlung von Informationen. Durch die Verwendung des Web Beacons<br> k\u00f6nnen einfache Aktionen wie der Besucherverkehr auf der Webseite aufgezeichnet und<br> gesammelt werden. Die durch den Cookie und\/oder Web Beacon erzeugten Informationen<br> \u00fcber Ihre Benutzung dieser Website (einschlie\u00dflich Ihrer IP-Adresse) werden an einen Server<br> von Google in den USA \u00fcbertragen und dort gespeichert. Google wird diese Informationen<br> benutzen, um Ihre Nutzung der Website im Hinblick auf die Anzeigen auszuwerten, um<br> Reports \u00fcber die Websiteaktivit\u00e4ten und Anzeigen f\u00fcr die Websitebetreiber<br> zusammenzustellen und um weitere mit der Websitenutzung und der Internetnutzung<br> verbundene Dienstleistungen zu erbringen. Auch wird Google diese Informationen<br> gegebenenfalls an Dritte \u00fcbertragen, sofern dies gesetzlich vorgeschrieben oder soweit<br> Dritte diese Daten im Auftrag von Google verarbeiten. Google wird in keinem Fall Ihre IPAdresse<br> mit anderen Daten der Google in Verbindung bringen. Das Speichern von Cookies<br> auf Ihrer Festplatte und die Anzeige von Web Beacons k\u00f6nnen Sie verhindern, indem Sie in<br> Ihren Browser-Einstellungen &#8220;keine Cookies akzeptieren&#8220; w\u00e4hlen (Im MS Internet-Explorer<br> unter &#8220;Extras > Internetoptionen > Datenschutz > Einstellung&#8220;; im Firefox unter &#8220;Extras ><br> Einstellungen > Datenschutz > Cookies&#8220;); wir weisen Sie jedoch darauf hin, dass Sie in<br> diesem Fall gegebenenfalls nicht s\u00e4mtliche Funktionen dieser Website voll umf\u00e4nglich<br> nutzen k\u00f6nnen. Durch die Nutzung dieser Website erkl\u00e4ren Sie sich mit der Bearbeitung der<br> \u00fcber Sie erhobenen Daten durch Google in der zuvor beschriebenen Art und Weise und zu<br> dem zuvor benannten Zweck einverstanden.<br> 2<\/p>\n","protected":false},"excerpt":{"rendered":"<p>Datenschutz Wir nutzen Quandoo, um unsere Online- und Offline-Reservierungen f\u00fcr uns abzuwickeln. Quandoo ist eine Technologieplattform f\u00fcr Restaurants, die es uns erm\u00f6glicht, Reservierungen zusammen mit den zugeh\u00f6rigen pers\u00f6nlichen Kundendaten zu akzeptieren, zu erstellen und zu verwalten, damit wir uns besser<a class=\"more-link\" href=\"http:\/\/bamboo-berlin.de\/?page_id=489\">Read More<\/a><\/p>\n","protected":false},"author":1,"featured_media":0,"parent":0,"menu_order":0,"comment_status":"closed","ping_status":"closed","template":"","meta":{"footnotes":""},"_links":{"self":[{"href":"http:\/\/bamboo-berlin.de\/index.php?rest_route=\/wp\/v2\/pages\/489"}],"collection":[{"href":"http:\/\/bamboo-berlin.de\/index.php?rest_route=\/wp\/v2\/pages"}],"about":[{"href":"http:\/\/bamboo-berlin.de\/index.php?rest_route=\/wp\/v2\/types\/page"}],"author":[{"embeddable":true,"href":"http:\/\/bamboo-berlin.de\/index.php?rest_route=\/wp\/v2\/users\/1"}],"replies":[{"embeddable":true,"href":"http:\/\/bamboo-berlin.de\/index.php?rest_route=%2Fwp%2Fv2%2Fcomments&post=489"}],"version-history":[{"count":1,"href":"http:\/\/bamboo-berlin.de\/index.php?rest_route=\/wp\/v2\/pages\/489\/revisions"}],"predecessor-version":[{"id":490,"href":"http:\/\/bamboo-berlin.de\/index.php?rest_route=\/wp\/v2\/pages\/489\/revisions\/490"}],"wp:attachment":[{"href":"http:\/\/bamboo-berlin.de\/index.php?rest_route=%2Fwp%2Fv2%2Fmedia&parent=489"}],"curies":[{"name":"wp","href":"https:\/\/api.w.org\/{rel}","templated":true}]}}